{"id":407,"date":"2019-11-11T08:33:51","date_gmt":"2019-11-11T08:33:51","guid":{"rendered":"https:\/\/demo.casethemes.net\/consultio-agency\/?page_id=407"},"modified":"2022-08-05T14:41:04","modified_gmt":"2022-08-05T14:41:04","slug":"services-v-1","status":"publish","type":"page","link":"https:\/\/transmundos.net\/index.php\/services-v-1\/","title":{"rendered":"SERVICIOS"},"content":{"rendered":"\t\t<div data-elementor-type=\"wp-page\" data-elementor-id=\"407\" class=\"elementor elementor-407\">\n\t\t\t\t\t\t\t        <section class=\"elementor-section elementor-top-section elementor-element elementor-element-f019bad elementor-section-content-middle elementor-section-boxed elementor-section-height-default elementor-section-height-default ct-header-fixed-none ct-row-max-none\" data-id=\"f019bad\" data-element_type=\"section\">\n            \n                        <div class=\"elementor-container elementor-column-gap-extended \">\n                    <div class=\"elementor-column elementor-col-50 elementor-top-column elementor-element elementor-element-5ce29c2\" data-id=\"5ce29c2\" data-element_type=\"column\">\n            <div class=\"elementor-widget-wrap elementor-element-populated\">\n                        \t\t<div class=\"elementor-element elementor-element-d3b6aca elementor-widget elementor-widget-ct_heading\" data-id=\"d3b6aca\" data-element_type=\"widget\" data-widget_type=\"ct_heading.default\">\n\t\t\t\t<div class=\"elementor-widget-container\">\n\t\t\t<div id=\"ct_heading-d3b6aca\" class=\"ct-heading h-align- sub-style1 ct-heading-left item-st-default\">\r\n\t<div class=\"ct-inline-css\"  data-css=\"\r\n        \">\r\n    <\/div>\r\n        <h3 class=\"item--title st-default case-animate-time\" data-wow-delay=\"ms\">\r\n                <span class=\"sp-main\">\r\n            \r\n            NUESTROS SERVICIOS\r\n            \r\n                    <\/span>\r\n            <\/h3>\r\n<\/div>\t\t<\/div>\n\t\t\t\t<\/div>\n\t\t            <\/div>\n        <\/div>\n                <div class=\"elementor-column elementor-col-50 elementor-top-column elementor-element elementor-element-877c444\" data-id=\"877c444\" data-element_type=\"column\">\n            <div class=\"elementor-widget-wrap\">\n                                    <\/div>\n        <\/div>\n                            <\/div>\n        <\/section>\n                <section class=\"elementor-section elementor-top-section elementor-element elementor-element-7d640f1 elementor-section-boxed elementor-section-height-default elementor-section-height-default ct-header-fixed-none ct-row-max-none\" data-id=\"7d640f1\" data-element_type=\"section\">\n            \n                        <div class=\"elementor-container elementor-column-gap-extended \">\n                    <div class=\"elementor-column elementor-col-100 elementor-top-column elementor-element elementor-element-1e2ce89\" data-id=\"1e2ce89\" data-element_type=\"column\">\n            <div class=\"elementor-widget-wrap elementor-element-populated\">\n                        \t\t<div class=\"elementor-element elementor-element-16d5b63 elementor-widget elementor-widget-ct_service_grid\" data-id=\"16d5b63\" data-element_type=\"widget\" data-widget_type=\"ct_service_grid.default\">\n\t\t\t\t<div class=\"elementor-widget-container\">\n\t\t\t\r\n<div id=\"ct_service_grid-16d5b63\" class=\"ct-grid ct-service-grid1\" data-layout=\"masonry\" data-start-page=\"1\" data-max-pages=\"2\" data-total=\"6\" data-perpage=\"3\" data-next-link=\"https:\/\/transmundos.net\/index.php\/wp-json\/wp\/v2\/pages\/407\/page\/2\/\">\r\n    <div class=\"ct-grid-overlay\"><\/div>\r\n    \r\n    <div class=\"ct-grid-inner ct-grid-masonry row animate-time\" data-gutter=\"15\">\r\n                            <div class=\"grid-item col-xl-4 col-lg-4 col-md-6 col-sm-6 col-12 \">\r\n                        <div class=\"grid-item-inner wow fadeIn active-featured\">\r\n                            <div class=\"grid-item-over\">\r\n                                <div class=\"item--featured\">\r\n                                    <img class=\"disable-lazy no-lazyload \" src=\"https:\/\/transmundos.net\/wp-content\/uploads\/2020\/03\/3-541x600.png\" width=\"541\" height=\"600\" alt=\"3\" title=\"3\" \/>                                <\/div>\r\n                                <div class=\"item--holder\">\r\n                                    <div class=\"item--holder-inner\">\r\n                                        \r\n                                                                                                                            <h3 class=\"item--title\">TRANSPORTE EMPRESARIAL<\/h3>\r\n                                                                                <div class=\"item--gap\"><\/div>\r\n                                                                                    <div class=\"item--content\">\r\n                                                Transportamos sus empleados, directivos y ejecutivos a nivel regional y local, optimizando el cumplimiento en los horarios, la comodidad, seguridad y eficiencia en el transporte&hellip;                                            <\/div>\r\n                                                                                                                    <\/div>\r\n                                <\/div>\r\n                                <div class=\"item--meta\">\r\n                                                                            <h3 class=\"item--title\">\r\n                                                                                            <a href=\"https:\/\/transmundos.net\/index.php\/service\/financial-limit\/\">TRANSPORTE EMPRESARIAL<\/a>\r\n                                                                                    <\/h3>\r\n                                                                                                                <div class=\"item--readmore\">\r\n                                                                                            <a class=\"more-plus\" href=\"https:\/\/transmundos.net\/index.php\/service\/financial-limit\/\">+<\/a>\r\n                                                                                    <\/div>\r\n                                                                                                        <\/div>\r\n                            <\/div>\r\n                        <\/div>\r\n                    <\/div>\r\n                                <div class=\"grid-item col-xl-4 col-lg-4 col-md-6 col-sm-6 col-12 \">\r\n                        <div class=\"grid-item-inner wow fadeIn active-featured\">\r\n                            <div class=\"grid-item-over\">\r\n                                <div class=\"item--featured\">\r\n                                    <img class=\"disable-lazy no-lazyload \" src=\"https:\/\/transmundos.net\/wp-content\/uploads\/2020\/03\/1-541x600.png\" width=\"541\" height=\"600\" alt=\"1\" title=\"1\" \/>                                <\/div>\r\n                                <div class=\"item--holder\">\r\n                                    <div class=\"item--holder-inner\">\r\n                                        \r\n                                                                                                                            <h3 class=\"item--title\">TRANSPORTE TUR\u00cdSTICO<\/h3>\r\n                                                                                <div class=\"item--gap\"><\/div>\r\n                                                                                    <div class=\"item--content\">\r\n                                                Excursiones familiares y empresariales todo el a\u00f1o en Colombia. Venta de paquetes tur\u00edsticos todo incluido con los requisitos seg\u00fan ley del Mintransporte.                                            <\/div>\r\n                                                                                                                    <\/div>\r\n                                <\/div>\r\n                                <div class=\"item--meta\">\r\n                                                                            <h3 class=\"item--title\">\r\n                                                                                            <a href=\"https:\/\/transmundos.net\/index.php\/service\/financial-growth\/\">TRANSPORTE TUR\u00cdSTICO<\/a>\r\n                                                                                    <\/h3>\r\n                                                                                                                <div class=\"item--readmore\">\r\n                                                                                            <a class=\"more-plus\" href=\"https:\/\/transmundos.net\/index.php\/service\/financial-growth\/\">+<\/a>\r\n                                                                                    <\/div>\r\n                                                                                                        <\/div>\r\n                            <\/div>\r\n                        <\/div>\r\n                    <\/div>\r\n                                <div class=\"grid-item col-xl-4 col-lg-4 col-md-6 col-sm-6 col-12 \">\r\n                        <div class=\"grid-item-inner wow fadeIn active-featured\">\r\n                            <div class=\"grid-item-over\">\r\n                                <div class=\"item--featured\">\r\n                                    <img class=\"disable-lazy no-lazyload \" src=\"https:\/\/transmundos.net\/wp-content\/uploads\/2020\/03\/2-541x600.png\" width=\"541\" height=\"600\" alt=\"2\" title=\"2\" \/>                                <\/div>\r\n                                <div class=\"item--holder\">\r\n                                    <div class=\"item--holder-inner\">\r\n                                        \r\n                                                                                                                            <h3 class=\"item--title\">TRANSPORTE ESCOLAR<\/h3>\r\n                                                                                <div class=\"item--gap\"><\/div>\r\n                                                                                    <div class=\"item--content\">\r\n                                                Contamos con un equipo de trabajo capacitado para el traslado de sus ni\u00f1os. Ofrecemos a los padres, ni\u00f1os e instituciones educativas un servicio confiable, seguro&hellip;                                            <\/div>\r\n                                                                                                                    <\/div>\r\n                                <\/div>\r\n                                <div class=\"item--meta\">\r\n                                                                            <h3 class=\"item--title\">\r\n                                                                                            <a href=\"https:\/\/transmundos.net\/index.php\/service\/tax-management\/\">TRANSPORTE ESCOLAR<\/a>\r\n                                                                                    <\/h3>\r\n                                                                                                                <div class=\"item--readmore\">\r\n                                                                                            <a class=\"more-plus\" href=\"https:\/\/transmundos.net\/index.php\/service\/tax-management\/\">+<\/a>\r\n                                                                                    <\/div>\r\n                                                                                                        <\/div>\r\n                            <\/div>\r\n                        <\/div>\r\n                    <\/div>\r\n                                <div class=\"grid-sizer col-xl-4 col-lg-4 col-md-6 col-sm-6 col-12\"><\/div>\r\n            <\/div>\r\n        <\/div>\t\t<\/div>\n\t\t\t\t<\/div>\n\t\t            <\/div>\n        <\/div>\n                            <\/div>\n        <\/section>\n                <section class=\"elementor-section elementor-top-section elementor-element elementor-element-2b5b5683 elementor-section-boxed elementor-section-height-default elementor-section-height-default ct-header-fixed-none ct-row-max-none\" data-id=\"2b5b5683\" data-element_type=\"section\">\n            \n                        <div class=\"elementor-container elementor-column-gap-extended \">\n                    <div class=\"elementor-column elementor-col-100 elementor-top-column elementor-element elementor-element-4106b489\" data-id=\"4106b489\" data-element_type=\"column\">\n            <div class=\"elementor-widget-wrap elementor-element-populated\">\n                        \t\t<div class=\"elementor-element elementor-element-ee5d2b6 elementor-widget elementor-widget-ct_clients_list\" data-id=\"ee5d2b6\" data-element_type=\"widget\" data-widget_type=\"ct_clients_list.default\">\n\t\t\t\t<div class=\"elementor-widget-container\">\n\t\t\t    <div class=\"ct-client1 ct-slick-slider style4\">\r\n        <div class=\"ct-clients-list-inner\">\r\n            <div class=\"ct-slick-carousel\" data-arrows=\"\" data-dots=\"\" data-pauseOnHover=\"\" data-autoplay=\"true\" data-autoplaySpeed=\"5000\" data-infinite=\"true\" data-speed=\"500\" data-colxs=\"2\" data-colsm=\"3\" data-colmd=\"4\" data-collg=\"4\" data-colxl=\"5\" data-dir=\"false\" data-slidesToScroll=\"1\">\r\n                                        <div class=\"slick-slide\">\r\n                            <div class=\"client-image \">\r\n                                <a href=\"#\">\r\n                                    <img width=\"110\" height=\"64\" src=\"https:\/\/transmundos.net\/wp-content\/uploads\/2022\/07\/4.png\" class=\"ct-thumb-1 attachment-full\" alt=\"\" \/>                                                                            <img width=\"110\" height=\"64\" src=\"https:\/\/transmundos.net\/wp-content\/uploads\/2022\/07\/4.png\" class=\"ct-thumb-2 attachment-full\" alt=\"\" \/>                                                                    <\/a>\r\n                            <\/div>\r\n                        <\/div>\r\n                                                            <div class=\"slick-slide\">\r\n                            <div class=\"client-image \">\r\n                                <a href=\"#\">\r\n                                    <img width=\"110\" height=\"64\" src=\"https:\/\/transmundos.net\/wp-content\/uploads\/2022\/07\/9.png\" class=\"ct-thumb-1 attachment-full\" alt=\"\" \/>                                                                            <img width=\"110\" height=\"64\" src=\"https:\/\/transmundos.net\/wp-content\/uploads\/2022\/07\/9.png\" class=\"ct-thumb-2 attachment-full\" alt=\"\" \/>                                                                    <\/a>\r\n                            <\/div>\r\n                        <\/div>\r\n                                                            <div class=\"slick-slide\">\r\n                            <div class=\"client-image \">\r\n                                <a href=\"#\">\r\n                                    <img width=\"110\" height=\"64\" src=\"https:\/\/transmundos.net\/wp-content\/uploads\/2022\/07\/3.png\" class=\"ct-thumb-1 attachment-full\" alt=\"\" \/>                                                                            <img width=\"110\" height=\"64\" src=\"https:\/\/transmundos.net\/wp-content\/uploads\/2022\/07\/3.png\" class=\"ct-thumb-2 attachment-full\" alt=\"\" \/>                                                                    <\/a>\r\n                            <\/div>\r\n                        <\/div>\r\n                                                            <div class=\"slick-slide\">\r\n                            <div class=\"client-image \">\r\n                                <a href=\"#\">\r\n                                    <img width=\"110\" height=\"64\" src=\"https:\/\/transmundos.net\/wp-content\/uploads\/2022\/07\/8.png\" class=\"ct-thumb-1 attachment-full\" alt=\"\" \/>                                                                            <img width=\"110\" height=\"64\" src=\"https:\/\/transmundos.net\/wp-content\/uploads\/2022\/07\/8.png\" class=\"ct-thumb-2 attachment-full\" alt=\"\" \/>                                                                    <\/a>\r\n                            <\/div>\r\n                        <\/div>\r\n                                                            <div class=\"slick-slide\">\r\n                            <div class=\"client-image \">\r\n                                <a href=\"#\">\r\n                                    <img width=\"110\" height=\"64\" src=\"https:\/\/transmundos.net\/wp-content\/uploads\/2022\/07\/6.png\" class=\"ct-thumb-1 attachment-full\" alt=\"\" \/>                                                                            <img width=\"110\" height=\"64\" src=\"https:\/\/transmundos.net\/wp-content\/uploads\/2022\/07\/6.png\" class=\"ct-thumb-2 attachment-full\" alt=\"\" \/>                                                                    <\/a>\r\n                            <\/div>\r\n                        <\/div>\r\n                                                            <div class=\"slick-slide\">\r\n                            <div class=\"client-image \">\r\n                                <a >\r\n                                    <img width=\"110\" height=\"64\" src=\"https:\/\/transmundos.net\/wp-content\/uploads\/2022\/07\/1-1.png\" class=\"ct-thumb-1 attachment-full\" alt=\"\" \/>                                                                            <img width=\"110\" height=\"64\" src=\"https:\/\/transmundos.net\/wp-content\/uploads\/2022\/07\/1-1.png\" class=\"ct-thumb-2 attachment-full\" alt=\"\" \/>                                                                    <\/a>\r\n                            <\/div>\r\n                        <\/div>\r\n                                                            <div class=\"slick-slide\">\r\n                            <div class=\"client-image \">\r\n                                <a >\r\n                                    <img width=\"110\" height=\"64\" src=\"https:\/\/transmundos.net\/wp-content\/uploads\/2022\/07\/7.png\" class=\"ct-thumb-1 attachment-full\" alt=\"\" \/>                                                                            <img width=\"110\" height=\"64\" src=\"https:\/\/transmundos.net\/wp-content\/uploads\/2022\/07\/7.png\" class=\"ct-thumb-2 attachment-full\" alt=\"\" \/>                                                                    <\/a>\r\n                            <\/div>\r\n                        <\/div>\r\n                                                <\/div>\r\n        <\/div>\r\n    <\/div>\r\n\t\t<\/div>\n\t\t\t\t<\/div>\n\t\t            <\/div>\n        <\/div>\n                            <\/div>\n        <\/section>\n        \t\t\t\t\t<\/div>\n\t\t","protected":false},"excerpt":{"rendered":"<p>NUESTROS SERVICIOS TRANSPORTE EMPRESARIAL Transportamos sus empleados, directivos y ejecutivos a nivel regional y local, optimizando el cumplimiento en los horarios, la comodidad, seguridad y eficiencia en el transporte\u2026 TRANSPORTE EMPRESARIAL + TRANSPORTE TUR\u00cdSTICO Excursiones familiares y empresariales todo el a\u00f1o en Colombia. Venta de paquetes tur\u00edsticos todo incluido con los requisitos seg\u00fan ley del [&hellip;]<\/p>\n","protected":false},"author":1,"featured_media":0,"parent":0,"menu_order":0,"comment_status":"closed","ping_status":"closed","template":"","meta":{"om_disable_all_campaigns":false,"_mi_skip_tracking":false},"aioseo_notices":[],"_links":{"self":[{"href":"https:\/\/transmundos.net\/index.php\/wp-json\/wp\/v2\/pages\/407"}],"collection":[{"href":"https:\/\/transmundos.net\/index.php\/wp-json\/wp\/v2\/pages"}],"about":[{"href":"https:\/\/transmundos.net\/index.php\/wp-json\/wp\/v2\/types\/page"}],"author":[{"embeddable":true,"href":"https:\/\/transmundos.net\/index.php\/wp-json\/wp\/v2\/users\/1"}],"replies":[{"embeddable":true,"href":"https:\/\/transmundos.net\/index.php\/wp-json\/wp\/v2\/comments?post=407"}],"version-history":[{"count":11,"href":"https:\/\/transmundos.net\/index.php\/wp-json\/wp\/v2\/pages\/407\/revisions"}],"predecessor-version":[{"id":5619,"href":"https:\/\/transmundos.net\/index.php\/wp-json\/wp\/v2\/pages\/407\/revisions\/5619"}],"wp:attachment":[{"href":"https:\/\/transmundos.net\/index.php\/wp-json\/wp\/v2\/media?parent=407"}],"curies":[{"name":"wp","href":"https:\/\/api.w.org\/{rel}","templated":true}]}}